{"id":7712,"date":"2023-01-18T08:23:50","date_gmt":"2023-01-18T07:23:50","guid":{"rendered":"https:\/\/classic.dev.kodeks.no\/personvernerklaering\/"},"modified":"2023-01-29T20:22:09","modified_gmt":"2023-01-29T19:22:09","slug":"personvernerklaering","status":"publish","type":"page","link":"https:\/\/classicnorway.no\/en\/personvernerklaering\/","title":{"rendered":"Personvernerkl\u00e6ring"},"content":{"rendered":"\t<section class=\"text-block\">\r\n\t\t<div class=\"grid-container\">\r\n\t\t\t<div class=\"grid-x grid-padding-x\">\r\n\t\t\t\t<div class=\"cell large-offset-1 large-7 medium-offset-1 medium-10\">\r\n\t\t\t\t\t<div class=\"acf-wysiwyg\">\r\n\t\t\t\t\t\t<h2>Personvernerkl\u00e6ring<\/h2>\n<p>I personvernerkl\u00e6ringen til Classic Norway Drift AS vil du finne informasjon om hvilke personopplysninger som samles inn, hvorfor disse blir samlet, hva de brukes til og hvilket rettslig grunnlag som foreligger.<\/p>\n<p>Ditt personvern er viktig for Classic Norway Drift AS og vi er opptatt av \u00e5 verne om personopplysningenes integritet, tilgjengelighet og konfidensialitet. All behandling av personopplysninger i Classic Norway Drift AS skal f\u00f8lge det til enhver tid gjeldende personvernregelverket, herunder GDPR og personopplysningsloven. Denne personvernerkl\u00e6ringen gir utfyllende opplysninger om hvilke personopplysninger som samles inn, hvordan opplysningene samles inn og hvilke rettigheter du har dersom personopplysninger om deg er registrert hos oss.<\/p>\n<p>Behandlingsansvarlig Classic Norway Drift AS bestemmer form\u00e5let med behandlingen av personopplysninger og hvilke midler som skal benyttes for de ulike selskapene.<\/p>\n<p>Classic Norway Drift AS behandler personopplysninger til f\u00f8lgende hovedform\u00e5l:<br \/>\nFor \u00e5 kunne administrere hotellbookinger, kurs og konferanse bestillinger, og tilby overnatting til v\u00e5re gjester er det n\u00f8dvendig for oss og v\u00e5re samarbeidspartnere \u00e5 behandle blant annet navn, adresse, f\u00f8dselsdato, detaljer om overnattingen (navn p\u00e5 hotell, romnummer, pris, betalingsm\u00e5te, antall d\u00f8gn, antall gjester osv.), passnummer (kun for gjester med registrert adresse i utlandet) og arbeidsgiver (for overnattinger i regi av firmaavtale).<\/p>\n<p><strong>Bordreservasjon<\/strong><br \/>\nFor \u00e5 kunne administrere bordreservasjoner p\u00e5 noen av v\u00e5re restauranter er det n\u00f8dvendig for oss \u00e5 behandle blant annet navn, kontaktinformasjon, telefonnummer, e-postadresse og eventuelle merknader. Personopplysningene brukes f\u00f8rst og fremst for \u00e5 kunne yte service i kundeforholdet. Dersom du har samtykket til det, vil vi ogs\u00e5 bruke opplysningene til \u00e5 gi deg relevant informasjon og gode tilbud fra restauranten. Kommunikasjonen vil foreg\u00e5 via e-post evt. sms.<\/p>\n<p><strong>Hotellavtale<\/strong><br \/>\nFor \u00e5 kunne inng\u00e5 og oppfylle hotellavtaler er det n\u00f8dvendig \u00e5 behandle personopplysninger som navn og kontaktinformasjon til kontaktperson (-er) hos kunde b\u00e5de fra offentlig og privat sektor. I forbindelse med \u00e5 ivareta hotellavtalen har vi behov for \u00e5 oppbevare personopplysninger for kontaktpersonene hos kunden p\u00e5 avtaler med varighet fra 1-5 \u00e5r.<\/p>\n<p>Classic Norway Drift AS\u00b4s (Loyall) er v\u00e5rt fordelsprogram der v\u00e5re medlemmer f\u00e5r fordeler i forbindelse med overnatting, poeng samt rabatter og andre fordeler.<\/p>\n<p>Classic Norway Drift AS\u00a0tilbyr ulike former for kundeservice for \u00e5 kunne bist\u00e5 v\u00e5re kunder i situasjoner der det er n\u00f8dvendig. For \u00e5 tilby denne tjenesten vil vi behandle din persondata med form\u00e5let om \u00e5 identifisere deg, og feils\u00f8ke i din konto. Alle revisjonslogger som beholdes med det form\u00e5l \u00e5 tilby deg kundest\u00f8ttetjenester, vil slettes n\u00e5r form\u00e5let er n\u00e5dd. All annen informasjon ang\u00e5ende klager du kan ha registrert hos oss, vil bli lagret i 10 \u00e5r, for at vi skal kunne etterkomme rettigheter du kan ha under forbrukerlovgivning. Det juridiske grunnlaget for behandling av dine personlige data til kundest\u00f8tteform\u00e5l, er lovmessig interesse, v\u00e5re juridiske forpliktelser og din godkjenning av eventuelle medlemsvilk\u00e5r. Vi inng\u00e5r databehandleravtaler med alle virksomheter som behandler personopplysninger p\u00e5 vegne av oss. V\u00e5re databehandlere kan ikke behandle dine personopplysninger p\u00e5 annen m\u00e5te enn slik som er avtale med oss og beskrevet i denne personvernerkl\u00e6ringen. Dataen er lagret innenfor EU\/E\u00d8S. Utover dette overf\u00f8res ikke personopplysningene til andre tredjeparter.<\/p>\n<p><strong>Classic Norway Wifi<\/strong><br \/>\nVi tilbyr gratis Wifi p\u00e5 v\u00e5re hoteller. For \u00e5 kunne benytte deg av denne tjenesten er det n\u00f8dvendig for oss \u00e5 behandle blant annet IP-adresse, MAC-adresse, og telefonnummer.<\/p>\n<p><strong>Gavekort<\/strong><br \/>\nI betalingsl\u00f8sningen til v\u00e5re Gavekort samarbeider vi med Vipps, og vi trenger persondata om deg for at vi skal kunne levere denne tjenesten. Vi bruker din persondata for \u00e5 kunne levere tjenesten og supportere produktet etter at det er levert. Informasjonen som tas vare p\u00e5 ved gjennomf\u00f8ring av Ved kj\u00f8p av gavekort som blir sendt med posten trenger vi bestillers e-postadresse for kvittering. Navn, adresse og mobilnummer til mottaker eller bestiller, for levering og aktivering av gavekort.<\/p>\n<p>Form\u00e5let med behandlingen av personopplysninger er \u00e5 kunne levere tjenesten og supportere produktet etter at det er levert. Informasjon som tas vare p\u00e5 ved gjennomf\u00f8ring av kj\u00f8p av digitale gavekort p\u00e5 Classic Norway Drift AS er navn og e-postadresse p\u00e5 kj\u00f8per. Vi p\u00e5beroper oss en berettiget interesse p\u00e5 personopplysningene hvor form\u00e5let er \u00e5 kunne kj\u00f8pe digitale gavekort til seg selv eller til andre. Det kan v\u00e6re gavegiver som oppgir personopplysninger p\u00e5 vegne av noen andre, og gavemottaker har da rett til \u00e5 protestere mot v\u00e5r behandling av personopplysninger.<\/p>\n<p>Kj\u00f8pshistorikk og personopplysninger blir lagret av n\u00f8dvendige hensyn i forhold til regnskapsmessige lovgivninger og slettes etter 5 \u00e5r. Dette trenger vi for \u00e5 kunne sende deg selve gavekortet som inneholder en unik gavekortID. GavekortID`en registrerer du n\u00e5r du skal booke selve hotellovernattingen p\u00e5 classicnorwayhotels.no<\/p>\n<p><strong>Markedsf\u00f8ring<\/strong><br \/>\nI likhet med de fleste andre virksomheter, har vi en berettiget interesse i \u00e5 markedsf\u00f8re v\u00e5re tjenester. Dersom vi har et eksisterende kunde\/medlemsforhold til deg vil vi sende deg relevant informasjon knyttet til v\u00e5re tjenester. Dette kan eksempelvis v\u00e6re utsendelse av invitasjon til arrangementer, informasjon om aktuelle kampanjer, nyhetsbrev, medlemsblad mm. Du kan n\u00e5r som helst reservere deg mot \u00e5 motta slike henvendelser ved \u00e5 sende en e-post til post@classicnorway.no.<\/p>\n<p>Markedsf\u00f8ring utover dette vil v\u00e6re basert p\u00e5 ditt eventuelle samtykke. For \u00e5 kunne markedsf\u00f8re v\u00e5re tjenester er det n\u00f8dvendig for oss \u00e5 behandle opplysninger om navn og kontaktinformasjon. I tillegg kan du selv oppdatere din medlemsprofil med interesser og preferanser.<\/p>\n<p><strong>Nettsteder<\/strong><br \/>\nVi benytter en rekke skjemaer p\u00e5 v\u00e5re nettsteder. I enkelte tilfeller lagres informasjonen i CMS\u2019et, men ellers videreformidles det til v\u00e5rt CRM-system eller aktuell kontaktperson. Det skal v\u00e6re tydelig merket i hvert skjema hva informasjonen benyttes til, og vi vil ikke benytte persondata til videre markedsf\u00f8ring s\u00e5 fremt det ikke er gitt mulighet og innhentet samtykke til dette.<\/p>\n<p>Vi bruker informasjonskapsler (cookies) p\u00e5 v\u00e5re nettsider. Informasjonskapsler er et stykke data i form av tekst eller tall som lagres lokalt p\u00e5 din datamaskin n\u00e5r du bes\u00f8ker nettstedet. Vi benytter oss av informasjonskapsler for \u00e5 f\u00e5 informasjon om blant annet hvor mange som bes\u00f8ker ulike sider, hvor lenge bes\u00f8ket varer, hvilke nettsteder brukerne kommer fra og hvilke nettlesere som benyttes. Dette er opplysninger som blir benyttet til intern statistikk, og brukt til \u00e5 forbedre nettstedet og din brukeropplevelse. Opplysningene behandles i avidentifisert form, noe som betyr at vi ikke kan spore opplysningene vi samler inn tilbake til den enkelte bruker.<\/p>\n<p>Classic Norway Drift AS lagrer informasjon om hvilke s\u00f8keord brukerne benytter i v\u00e5rt CMS og i Google Analytics. Form\u00e5let med lagringen er \u00e5 gj\u00f8re informasjonstilbudet v\u00e5rt bedre. Det er kun s\u00f8keordet som lagres og de kan ikke kobles til andre opplysninger om brukerne, slik som til IP-adressene.<\/p>\n<p>Hvor lenge lagrer vi personopplysningene dine? Personopplysninger vil ikke bli lagret lenger enn det som er n\u00f8dvendig for \u00e5 oppfylle form\u00e5let med behandlingen eller lovp\u00e5lagte plikter vi har, for eksempel p\u00e5legger bokf\u00f8ringsloven oss \u00e5 oppbevare detaljert kj\u00f8pshistorikk i fem \u00e5r.<\/p>\n<p>Videre vil vi slette personopplysninger om deg dersom du ber oss om det, med mindre vi har et rettslig grunnlag eller en lovp\u00e5lagt plikt til \u00e5 oppbevare personopplysningene videre.<\/p>\n<p>F\u00e5r andre tilgang til dine personopplysninger? Vi vil kun dele dine personopplysninger med andre selskap i Classic Norway Drift AS i den grad det er n\u00f8dvendig for \u00e5 ivareta den daglige driften. Ettersom Classic Norway Drift AS er ansvarlig for det administrative arbeidet innenfor Classic Norway Drift AS betyr dette at personopplysninger som behandles av hotellene i Classic Norway Hotels. Utover dette vil personopplysninger om hotelldrift bli delt med selskapene som ligger under Classic Norway Drift AS. Det rettslige grunnlaget for dette er berettiget interesse, idet vi \u00f8nsker \u00e5 effektivisere driften og tilby en best mulig tjeneste.<\/p>\n<p>Ubetalte fordringer vil bli oversendt til inkassoselskaper. Videre vil vi dele dine personopplysninger med offentlige myndigheter i den utstrekning det er n\u00f8dvendig for \u00e5 oppfylle v\u00e5re rettslige forpliktelser.<\/p>\n<p>Utover dette vil vi ikke dele dine personopplysninger med andre virksomheter med mindre du samtykker til dette.<\/p>\n<p><strong>Informasjonssikkerhet<\/strong><br \/>\nVi tar informasjonssikkerhet p\u00e5 alvor og har etablert passende sikkerhetstiltak for \u00e5 beskytte dine personopplysningers integritet og tilgjengelighet. Tilgangen til dine personopplysninger er begrenset til ansatte som har et tjenstlig behov for slik tilgang. Vi vil gi oppl\u00e6ring til ansatte og tredjeparter der det er relevant, for \u00e5 fremme bevissthet om Classic Norway Drift AS retningslinjer og rutiner for personvern.<\/p>\n<p>Hvor lagres dine personopplysninger?<br \/>\nPersonopplysninger som behandles av Classic Norway Drift AS lagres i utgangspunktet p\u00e5 servere i Norge. Vi lagrer ikke personopplysninger i land utenfor EU\/E\u00d8S.<\/p>\n<p><strong>Rettigheter<\/strong><br \/>\nDu har rett til innsyn, korrigering eller sletting av personopplysninger eller begrensning av behandlingen som gjelder deg selv. Under visse forutsetninger har du ogs\u00e5 rett til \u00e5 protestere mot behandlingen, samt rett til dataportabilitet. Videre kan du til enhver tid trekke tilbake eventuelle samtykker til behandling av dine personopplysninger.<\/p>\n<p>Du har ogs\u00e5 rett til ikke \u00e5 v\u00e6re gjenstand for en avgj\u00f8relse som utelukkende er basert p\u00e5 automatisert behandling som har rettsvirkning for, eller p\u00e5 tilsvarende m\u00e5te i betydelig grad, p\u00e5virker deg.<\/p>\n<p>Sp\u00f8rsm\u00e5l eller anmodninger om innsyn i opplysninger som er registrert om deg kan rettes til Classic Norway Drift AS ved \u00e5 sende e-post til: post@classicnorway.no<\/p>\n<p>Dersom du mener at vi behandler personopplysninger i strid med lovverket kan du rette en klage til Datatilsynet post@datatilsynet.no.<\/p>\n<p><strong>Personvernombud<\/strong><br \/>\nClassic Norway Drift AS har utnevnt et eget personvernombud som bist\u00e5r med veiledning slik at personopplysninger blir behandlet p\u00e5 en god m\u00e5te og i tr\u00e5d med regelverket.<\/p>\n<p>Har du noen sp\u00f8rsm\u00e5l eller innsigelser til Classic Norway Drift AS behandling av personopplysninger, send en e-post til: post@classicnorway.no<\/p>\n\t\t\t\t\t<\/div>\r\n\t\t\t\t<\/div>\r\n\t\t\t<\/div>\r\n\t\t<\/div>\r\n\t<\/section>\r\n","protected":false},"excerpt":{"rendered":"","protected":false},"author":12,"featured_media":0,"parent":0,"menu_order":11,"comment_status":"closed","ping_status":"closed","template":"","meta":{"_acf_changed":false,"footnotes":""},"class_list":["post-7712","page","type-page","status-publish","hentry"],"acf":[],"yoast_head":"<!-- This site is optimized with the Yoast SEO plugin v27.2 - https:\/\/yoast.com\/product\/yoast-seo-wordpress\/ -->\n<title>Personvernerkl\u00e6ring - Classic Norway Hotels<\/title>\n<meta name=\"robots\" content=\"index, follow, max-snippet:-1, max-image-preview:large, max-video-preview:-1\" \/>\n<link rel=\"canonical\" href=\"https:\/\/classicnorway.no\/personvernerklaering\/\" \/>\n<meta property=\"og:locale\" content=\"en_US\" \/>\n<meta property=\"og:type\" content=\"article\" \/>\n<meta property=\"og:title\" content=\"Personvernerkl\u00e6ring - Classic Norway Hotels\" \/>\n<meta property=\"og:url\" content=\"https:\/\/classicnorway.no\/personvernerklaering\/\" \/>\n<meta property=\"og:site_name\" content=\"Classic Norway Hotels\" \/>\n<meta property=\"article:modified_time\" content=\"2023-01-29T19:22:09+00:00\" \/>\n<meta name=\"twitter:card\" content=\"summary_large_image\" \/>\n<script type=\"application\/ld+json\" class=\"yoast-schema-graph\">{\"@context\":\"https:\/\/schema.org\",\"@graph\":[{\"@type\":\"WebPage\",\"@id\":\"https:\/\/classicnorway.no\/personvernerklaering\/\",\"url\":\"https:\/\/classicnorway.no\/personvernerklaering\/\",\"name\":\"Personvernerkl\u00e6ring - Classic Norway Hotels\",\"isPartOf\":{\"@id\":\"https:\/\/classicnorway.no\/en\/#website\"},\"datePublished\":\"2023-01-18T07:23:50+00:00\",\"dateModified\":\"2023-01-29T19:22:09+00:00\",\"breadcrumb\":{\"@id\":\"https:\/\/classicnorway.no\/personvernerklaering\/#breadcrumb\"},\"inLanguage\":\"en-US\",\"potentialAction\":[{\"@type\":\"ReadAction\",\"target\":[\"https:\/\/classicnorway.no\/personvernerklaering\/\"]}]},{\"@type\":\"BreadcrumbList\",\"@id\":\"https:\/\/classicnorway.no\/personvernerklaering\/#breadcrumb\",\"itemListElement\":[{\"@type\":\"ListItem\",\"position\":1,\"name\":\"Home\",\"item\":\"https:\/\/classicnorway.no\/en\/\"},{\"@type\":\"ListItem\",\"position\":2,\"name\":\"Personvernerkl\u00e6ring\"}]},{\"@type\":\"WebSite\",\"@id\":\"https:\/\/classicnorway.no\/en\/#website\",\"url\":\"https:\/\/classicnorway.no\/en\/\",\"name\":\"Classic Norway Hotels\",\"description\":\"\",\"potentialAction\":[{\"@type\":\"SearchAction\",\"target\":{\"@type\":\"EntryPoint\",\"urlTemplate\":\"https:\/\/classicnorway.no\/en\/?s={search_term_string}\"},\"query-input\":{\"@type\":\"PropertyValueSpecification\",\"valueRequired\":true,\"valueName\":\"search_term_string\"}}],\"inLanguage\":\"en-US\"}]}<\/script>\n<!-- \/ Yoast SEO plugin. -->","yoast_head_json":{"title":"Personvernerkl\u00e6ring - Classic Norway Hotels","robots":{"index":"index","follow":"follow","max-snippet":"max-snippet:-1","max-image-preview":"max-image-preview:large","max-video-preview":"max-video-preview:-1"},"canonical":"https:\/\/classicnorway.no\/personvernerklaering\/","og_locale":"en_US","og_type":"article","og_title":"Personvernerkl\u00e6ring - Classic Norway Hotels","og_url":"https:\/\/classicnorway.no\/personvernerklaering\/","og_site_name":"Classic Norway Hotels","article_modified_time":"2023-01-29T19:22:09+00:00","twitter_card":"summary_large_image","schema":{"@context":"https:\/\/schema.org","@graph":[{"@type":"WebPage","@id":"https:\/\/classicnorway.no\/personvernerklaering\/","url":"https:\/\/classicnorway.no\/personvernerklaering\/","name":"Personvernerkl\u00e6ring - Classic Norway Hotels","isPartOf":{"@id":"https:\/\/classicnorway.no\/en\/#website"},"datePublished":"2023-01-18T07:23:50+00:00","dateModified":"2023-01-29T19:22:09+00:00","breadcrumb":{"@id":"https:\/\/classicnorway.no\/personvernerklaering\/#breadcrumb"},"inLanguage":"en-US","potentialAction":[{"@type":"ReadAction","target":["https:\/\/classicnorway.no\/personvernerklaering\/"]}]},{"@type":"BreadcrumbList","@id":"https:\/\/classicnorway.no\/personvernerklaering\/#breadcrumb","itemListElement":[{"@type":"ListItem","position":1,"name":"Home","item":"https:\/\/classicnorway.no\/en\/"},{"@type":"ListItem","position":2,"name":"Personvernerkl\u00e6ring"}]},{"@type":"WebSite","@id":"https:\/\/classicnorway.no\/en\/#website","url":"https:\/\/classicnorway.no\/en\/","name":"Classic Norway Hotels","description":"","potentialAction":[{"@type":"SearchAction","target":{"@type":"EntryPoint","urlTemplate":"https:\/\/classicnorway.no\/en\/?s={search_term_string}"},"query-input":{"@type":"PropertyValueSpecification","valueRequired":true,"valueName":"search_term_string"}}],"inLanguage":"en-US"}]}},"publishpress_future_action":{"enabled":false,"date":"2026-04-14 09:40:03","action":"change-status","newStatus":"draft","terms":[],"taxonomy":"translation_priority","extraData":[]},"publishpress_future_workflow_manual_trigger":{"enabledWorkflows":[]},"_links":{"self":[{"href":"https:\/\/classicnorway.no\/en\/wp-json\/wp\/v2\/pages\/7712","targetHints":{"allow":["GET"]}}],"collection":[{"href":"https:\/\/classicnorway.no\/en\/wp-json\/wp\/v2\/pages"}],"about":[{"href":"https:\/\/classicnorway.no\/en\/wp-json\/wp\/v2\/types\/page"}],"author":[{"embeddable":true,"href":"https:\/\/classicnorway.no\/en\/wp-json\/wp\/v2\/users\/12"}],"replies":[{"embeddable":true,"href":"https:\/\/classicnorway.no\/en\/wp-json\/wp\/v2\/comments?post=7712"}],"version-history":[{"count":1,"href":"https:\/\/classicnorway.no\/en\/wp-json\/wp\/v2\/pages\/7712\/revisions"}],"predecessor-version":[{"id":7713,"href":"https:\/\/classicnorway.no\/en\/wp-json\/wp\/v2\/pages\/7712\/revisions\/7713"}],"wp:attachment":[{"href":"https:\/\/classicnorway.no\/en\/wp-json\/wp\/v2\/media?parent=7712"}],"curies":[{"name":"wp","href":"https:\/\/api.w.org\/{rel}","templated":true}]}}