{"id":18500,"date":"2025-09-09T09:42:59","date_gmt":"2025-09-09T07:42:59","guid":{"rendered":"https:\/\/classicnorway.no\/?page_id=18500"},"modified":"2025-09-09T15:56:09","modified_gmt":"2025-09-09T13:56:09","slug":"packages-and-offers","status":"publish","type":"page","link":"https:\/\/classicnorway.no\/en\/packages-and-offers\/","title":{"rendered":"Packages and offers NEW"},"content":{"rendered":"\r\n<section class=\"relationship-block  dark\" style=\"background-color: #fcfaf9; position: relative;\">\r\n    <div class=\"grid-container\">\r\n        <div class=\"grid-x grid-padding-x\">\r\n            <div class=\"cell large-7 large-offset-1 medium-10 medium-offset-1\">\r\n                                    <h2 class=\"heading\">\r\n                        Tailor-made packages for memorable moments                    <\/h2>\r\n                                    <div class=\"main-excerpt\">\r\n                        Classic Norway Hotels offers varied packages suitable for any occasion &#8211; always focusing on quality, hospitality and unique experiences.                     <\/div>\r\n                            <\/div>\r\n        <\/div>\r\n    <\/div>\r\n\r\n    <div class=\"grid-container pr-sm-0\">\r\n        <div class=\"grid-x grid-padding-x\">\r\n            <div class=\"cell large-10 large-offset-1 medium-11 medium-offset-1\">\r\n                            <\/div>\r\n        <\/div>\r\n    <\/div>\r\n<\/section>\r\n\n\n\r\n<section class=\"relationship-block  dark\" style=\"background-color: #fcfaf9; position: relative;\">\r\n    <div class=\"grid-container\">\r\n        <div class=\"grid-x grid-padding-x\">\r\n            <div class=\"cell large-7 large-offset-1 medium-10 medium-offset-1\">\r\n                            <\/div>\r\n        <\/div>\r\n    <\/div>\r\n\r\n    <div class=\"grid-container pr-sm-0\">\r\n        <div class=\"grid-x grid-padding-x\">\r\n            <div class=\"cell large-10 large-offset-1 medium-11 medium-offset-1\">\r\n                                        <div class=\"article-list grid-column-2\">\r\n                                                            <div class=\"article 0 show_article\" data-aos=\"fade-up\" data-aos-duration=\"1500\">\r\n                                                                          <a href=\"https:\/\/booking.haholmen.no\/package\/package-details?channelId=03085296-5903-417b-966b-a44a4ef6a4f6&amp;culture=en-GB&amp;packageId=37ebbfbf-0c5d-4532-82ce-797f114c5a54\">\r\n                                    \r\n                                        <div class=\"img-holder\">\r\n                                                                                            <img loading=\"lazy\" width=\"389\" height=\"219\" src=\"https:\/\/classicnorway.no\/wp-content\/uploads\/Design-uten-navn-2025-09-09T095331.072.png\" class=\"attachment-small size-small wp-post-image\" alt=\"\" srcset=\"https:\/\/classicnorway.no\/wp-content\/uploads\/Design-uten-navn-2025-09-09T095331.072.png 1600w, https:\/\/classicnorway.no\/wp-content\/uploads\/Design-uten-navn-2025-09-09T095331.072-720x405.png 720w, https:\/\/classicnorway.no\/wp-content\/uploads\/Design-uten-navn-2025-09-09T095331.072-1280x720.png 1280w, https:\/\/classicnorway.no\/wp-content\/uploads\/Design-uten-navn-2025-09-09T095331.072-768x432.png 768w, https:\/\/classicnorway.no\/wp-content\/uploads\/Design-uten-navn-2025-09-09T095331.072-1536x864.png 1536w\" sizes=\"auto, (max-width: 389px) 100vw, 389px\" decoding=\"async\" \/>                                                                                    <\/div>\r\n\r\n                                        <h3 class=\"title\">\r\n                                            Bj\u00f8rn Tomren &amp; \u00c5se Britt Reme Jakobsen &#8211; The most atmospheric experience of the autumn at H\u00e5holmen.                                        <\/h3>\r\n\r\n                                                                                    <div class=\"excerpt\">\r\n                                                Friday, October 3rd, we invite you to a magical evening with Bj\u00f8rn Tomren &amp; \u00c5se Britt Jakobsen &#8211; a concert that is guaranteed to be the coziest of the autumn, regardless of the weather. A package including accommodation and an autumn buffet.                                            <\/div>\r\n                                        \r\n                                                                                    <span class=\"read\">\r\n                                                Book here                                            <\/span>\r\n                                        \r\n                                        \r\n                                                                            <\/a>\r\n                                <\/div>\r\n                                                            <div class=\"article 1 show_article\" data-aos=\"fade-up\" data-aos-duration=\"1500\">\r\n                                                                          <a href=\"https:\/\/booking.haholmen.no\/package\/package-details?channelId=03085296-5903-417b-966b-a44a4ef6a4f6&amp;culture=en-GB&amp;packageId=37ebbfbf-0c5d-4532-82ce-797f114c5a54\">\r\n                                    \r\n                                        <div class=\"img-holder\">\r\n                                                                                            <img loading=\"lazy\" width=\"389\" height=\"219\" src=\"https:\/\/classicnorway.no\/wp-content\/uploads\/Design-uten-navn-2025-09-09T095338.656.png\" class=\"attachment-small size-small wp-post-image\" alt=\"\" srcset=\"https:\/\/classicnorway.no\/wp-content\/uploads\/Design-uten-navn-2025-09-09T095338.656.png 1600w, https:\/\/classicnorway.no\/wp-content\/uploads\/Design-uten-navn-2025-09-09T095338.656-720x405.png 720w, https:\/\/classicnorway.no\/wp-content\/uploads\/Design-uten-navn-2025-09-09T095338.656-1280x720.png 1280w, https:\/\/classicnorway.no\/wp-content\/uploads\/Design-uten-navn-2025-09-09T095338.656-768x432.png 768w, https:\/\/classicnorway.no\/wp-content\/uploads\/Design-uten-navn-2025-09-09T095338.656-1536x864.png 1536w\" sizes=\"auto, (max-width: 389px) 100vw, 389px\" decoding=\"async\" \/>                                                                                    <\/div>\r\n\r\n                                        <h3 class=\"title\">\r\n                                            Lutefisk, laughter and warm atmosphere &#8211; with J\u00f8rn Hoel at Strand Hotel Fevik                                        <\/h3>\r\n\r\n                                                                                    <div class=\"excerpt\">\r\n                                                This is not just dinner &#8211; it&#8217;s a full evening with music, stories, fine wine, and genuine Northern Norwegian warmth. J\u00f8rn is both on stage and in the kitchen &#8211; and promises an experience you will not soon forget!                                            <\/div>\r\n                                        \r\n                                                                                    <span class=\"read\">\r\n                                                Book here                                            <\/span>\r\n                                        \r\n                                        \r\n                                                                            <\/a>\r\n                                <\/div>\r\n                                                    <\/div>\r\n\r\n                        <div type=\"more\" class=\"see-more-btn read-more hide\">\r\n                            Read more                        <\/div>\r\n                        <div type=\"less\" class=\"see-more-btn read-less hide hide\">\r\n                            Read less                        <\/div>\r\n                                <\/div>\r\n        <\/div>\r\n    <\/div>\r\n<\/section>\r\n\n\n\r\n<section class=\"relationship-block  dark\" style=\"background-color: #fcfaf9; position: relative;\">\r\n    <div class=\"grid-container\">\r\n        <div class=\"grid-x grid-padding-x\">\r\n            <div class=\"cell large-7 large-offset-1 medium-10 medium-offset-1\">\r\n                            <\/div>\r\n        <\/div>\r\n    <\/div>\r\n\r\n    <div class=\"grid-container pr-sm-0\">\r\n        <div class=\"grid-x grid-padding-x\">\r\n            <div class=\"cell large-10 large-offset-1 medium-11 medium-offset-1\">\r\n                                        <div class=\"article-list grid-column-2\">\r\n                                                            <div class=\"article 0 show_article\" data-aos=\"fade-up\" data-aos-duration=\"1500\">\r\n                                                                          <a href=\"https:\/\/booking.refsnesgods.no\/v2\/widget\/WidgetNewWindowStart?channelId=c349fa43-f5fe-4701-bd7a-02a1c12fc1cf&amp;culture=en-GB&amp;packageId=640b1efc-6e30-43e6-983c-e130dfa17478\">\r\n                                    \r\n                                        <div class=\"img-holder\">\r\n                                                                                            <img loading=\"lazy\" width=\"389\" height=\"219\" src=\"https:\/\/classicnorway.no\/wp-content\/uploads\/Design-uten-navn-2025-09-09T110357.901.png\" class=\"attachment-small size-small wp-post-image\" alt=\"\" srcset=\"https:\/\/classicnorway.no\/wp-content\/uploads\/Design-uten-navn-2025-09-09T110357.901.png 1600w, https:\/\/classicnorway.no\/wp-content\/uploads\/Design-uten-navn-2025-09-09T110357.901-720x405.png 720w, https:\/\/classicnorway.no\/wp-content\/uploads\/Design-uten-navn-2025-09-09T110357.901-1280x720.png 1280w, https:\/\/classicnorway.no\/wp-content\/uploads\/Design-uten-navn-2025-09-09T110357.901-768x432.png 768w, https:\/\/classicnorway.no\/wp-content\/uploads\/Design-uten-navn-2025-09-09T110357.901-1536x864.png 1536w\" sizes=\"auto, (max-width: 389px) 100vw, 389px\" decoding=\"async\" \/>                                                                                    <\/div>\r\n\r\n                                        <h3 class=\"title\">\r\n                                            Godsweekend at Refsnes Gods Hotel in Moss                                        <\/h3>\r\n\r\n                                                                                    <div class=\"excerpt\">\r\n                                                Treat yourself to a weekend with two nights in elegant rooms, a 2-course dinner on the first night and a 5-course dinner with aperitifs on the second. Enjoy breakfast both days, explore the beautiful garden, the coastal path and the hotel&#8217;s unique art experiences. A complete package for two &#8211; perfect for relaxation and creating good memories.                                            <\/div>\r\n                                        \r\n                                                                                    <span class=\"read\">\r\n                                                Book here                                            <\/span>\r\n                                        \r\n                                        \r\n                                                                            <\/a>\r\n                                <\/div>\r\n                                                            <div class=\"article 1 show_article\" data-aos=\"fade-up\" data-aos-duration=\"1500\">\r\n                                                                          <a href=\"https:\/\/booking.gloppenhotell.no\/package\/package-details?channelId=ca467eb6-68d5-45fc-adfa-b25354c010d4&amp;culture=en-GB&amp;packageId=9a80e728-ee34-4d0f-b600-6e7040ee46f3\">\r\n                                    \r\n                                        <div class=\"img-holder\">\r\n                                                                                            <img loading=\"lazy\" width=\"389\" height=\"259\" src=\"https:\/\/classicnorway.no\/wp-content\/uploads\/RAISFOTO-9.jpg\" class=\"attachment-small size-small wp-post-image\" alt=\"\" srcset=\"https:\/\/classicnorway.no\/wp-content\/uploads\/RAISFOTO-9.jpg 1000w, https:\/\/classicnorway.no\/wp-content\/uploads\/RAISFOTO-9-720x480.jpg 720w, https:\/\/classicnorway.no\/wp-content\/uploads\/RAISFOTO-9-768x512.jpg 768w, https:\/\/classicnorway.no\/wp-content\/uploads\/RAISFOTO-9-300x200.jpg 300w\" sizes=\"auto, (max-width: 389px) 100vw, 389px\" decoding=\"async\" \/>                                                                                    <\/div>\r\n\r\n                                        <h3 class=\"title\">\r\n                                            Local food experience in Gloppen Hotell in Sandane                                        <\/h3>\r\n\r\n                                                                                    <div class=\"excerpt\">\r\n                                                Enjoy a flavorful package with a 4-course dinner based on the best seasonal ingredients, adapted drink menu, our homemade breakfast and reserved table in the restaurant. Everything made from scratch with love and local ingredients &#8211; an experience you will remember for a long time.                                            <\/div>\r\n                                        \r\n                                                                                    <span class=\"read\">\r\n                                                Book here                                            <\/span>\r\n                                        \r\n                                        \r\n                                                                            <\/a>\r\n                                <\/div>\r\n                                                    <\/div>\r\n\r\n                        <div type=\"more\" class=\"see-more-btn read-more hide\">\r\n                            Read more                        <\/div>\r\n                        <div type=\"less\" class=\"see-more-btn read-less hide hide\">\r\n                            Read less                        <\/div>\r\n                                <\/div>\r\n        <\/div>\r\n    <\/div>\r\n<\/section>\r\n","protected":false},"excerpt":{"rendered":"","protected":false},"author":8,"featured_media":19081,"parent":0,"menu_order":0,"comment_status":"closed","ping_status":"closed","template":"","meta":{"_acf_changed":false,"footnotes":""},"class_list":["post-18500","page","type-page","status-publish","has-post-thumbnail","hentry"],"acf":[],"yoast_head":"<!-- This site is optimized with the Yoast SEO plugin v27.2 - https:\/\/yoast.com\/product\/yoast-seo-wordpress\/ -->\n<title>Packages and offers NEW - Classic Norway Hotels<\/title>\n<meta name=\"robots\" content=\"index, follow, max-snippet:-1, max-image-preview:large, max-video-preview:-1\" \/>\n<link rel=\"canonical\" href=\"https:\/\/classicnorway.no\/en\/packages-and-offers\/\" \/>\n<meta property=\"og:locale\" content=\"en_US\" \/>\n<meta property=\"og:type\" content=\"article\" \/>\n<meta property=\"og:title\" content=\"Packages and offers NEW - Classic Norway Hotels\" \/>\n<meta property=\"og:url\" content=\"https:\/\/classicnorway.no\/en\/packages-and-offers\/\" \/>\n<meta property=\"og:site_name\" content=\"Classic Norway Hotels\" \/>\n<meta property=\"article:modified_time\" content=\"2025-09-09T13:56:09+00:00\" \/>\n<meta name=\"twitter:card\" content=\"summary_large_image\" \/>\n<meta name=\"twitter:label1\" content=\"Est. reading time\" \/>\n\t<meta name=\"twitter:data1\" content=\"1 minute\" \/>\n<script type=\"application\/ld+json\" class=\"yoast-schema-graph\">{\"@context\":\"https:\/\/schema.org\",\"@graph\":[{\"@type\":\"WebPage\",\"@id\":\"https:\/\/classicnorway.no\/en\/packages-and-offers\/\",\"url\":\"https:\/\/classicnorway.no\/en\/packages-and-offers\/\",\"name\":\"Packages and offers NEW - Classic Norway Hotels\",\"isPartOf\":{\"@id\":\"https:\/\/classicnorway.no\/en\/#website\"},\"primaryImageOfPage\":{\"@id\":\"https:\/\/classicnorway.no\/en\/packages-and-offers\/#primaryimage\"},\"image\":{\"@id\":\"https:\/\/classicnorway.no\/en\/packages-and-offers\/#primaryimage\"},\"thumbnailUrl\":\"\",\"datePublished\":\"2025-09-09T07:42:59+00:00\",\"dateModified\":\"2025-09-09T13:56:09+00:00\",\"breadcrumb\":{\"@id\":\"https:\/\/classicnorway.no\/en\/packages-and-offers\/#breadcrumb\"},\"inLanguage\":\"en-US\",\"potentialAction\":[{\"@type\":\"ReadAction\",\"target\":[\"https:\/\/classicnorway.no\/en\/packages-and-offers\/\"]}]},{\"@type\":\"ImageObject\",\"inLanguage\":\"en-US\",\"@id\":\"https:\/\/classicnorway.no\/en\/packages-and-offers\/#primaryimage\",\"url\":\"\",\"contentUrl\":\"\"},{\"@type\":\"BreadcrumbList\",\"@id\":\"https:\/\/classicnorway.no\/en\/packages-and-offers\/#breadcrumb\",\"itemListElement\":[{\"@type\":\"ListItem\",\"position\":1,\"name\":\"Home\",\"item\":\"https:\/\/classicnorway.no\/en\/\"},{\"@type\":\"ListItem\",\"position\":2,\"name\":\"Packages and offers NEW\"}]},{\"@type\":\"WebSite\",\"@id\":\"https:\/\/classicnorway.no\/en\/#website\",\"url\":\"https:\/\/classicnorway.no\/en\/\",\"name\":\"Classic Norway Hotels\",\"description\":\"\",\"potentialAction\":[{\"@type\":\"SearchAction\",\"target\":{\"@type\":\"EntryPoint\",\"urlTemplate\":\"https:\/\/classicnorway.no\/en\/?s={search_term_string}\"},\"query-input\":{\"@type\":\"PropertyValueSpecification\",\"valueRequired\":true,\"valueName\":\"search_term_string\"}}],\"inLanguage\":\"en-US\"}]}<\/script>\n<!-- \/ Yoast SEO plugin. -->","yoast_head_json":{"title":"Packages and offers NEW - Classic Norway Hotels","robots":{"index":"index","follow":"follow","max-snippet":"max-snippet:-1","max-image-preview":"max-image-preview:large","max-video-preview":"max-video-preview:-1"},"canonical":"https:\/\/classicnorway.no\/en\/packages-and-offers\/","og_locale":"en_US","og_type":"article","og_title":"Packages and offers NEW - Classic Norway Hotels","og_url":"https:\/\/classicnorway.no\/en\/packages-and-offers\/","og_site_name":"Classic Norway Hotels","article_modified_time":"2025-09-09T13:56:09+00:00","twitter_card":"summary_large_image","twitter_misc":{"Est. reading time":"1 minute"},"schema":{"@context":"https:\/\/schema.org","@graph":[{"@type":"WebPage","@id":"https:\/\/classicnorway.no\/en\/packages-and-offers\/","url":"https:\/\/classicnorway.no\/en\/packages-and-offers\/","name":"Packages and offers NEW - Classic Norway Hotels","isPartOf":{"@id":"https:\/\/classicnorway.no\/en\/#website"},"primaryImageOfPage":{"@id":"https:\/\/classicnorway.no\/en\/packages-and-offers\/#primaryimage"},"image":{"@id":"https:\/\/classicnorway.no\/en\/packages-and-offers\/#primaryimage"},"thumbnailUrl":"","datePublished":"2025-09-09T07:42:59+00:00","dateModified":"2025-09-09T13:56:09+00:00","breadcrumb":{"@id":"https:\/\/classicnorway.no\/en\/packages-and-offers\/#breadcrumb"},"inLanguage":"en-US","potentialAction":[{"@type":"ReadAction","target":["https:\/\/classicnorway.no\/en\/packages-and-offers\/"]}]},{"@type":"ImageObject","inLanguage":"en-US","@id":"https:\/\/classicnorway.no\/en\/packages-and-offers\/#primaryimage","url":"","contentUrl":""},{"@type":"BreadcrumbList","@id":"https:\/\/classicnorway.no\/en\/packages-and-offers\/#breadcrumb","itemListElement":[{"@type":"ListItem","position":1,"name":"Home","item":"https:\/\/classicnorway.no\/en\/"},{"@type":"ListItem","position":2,"name":"Packages and offers NEW"}]},{"@type":"WebSite","@id":"https:\/\/classicnorway.no\/en\/#website","url":"https:\/\/classicnorway.no\/en\/","name":"Classic Norway Hotels","description":"","potentialAction":[{"@type":"SearchAction","target":{"@type":"EntryPoint","urlTemplate":"https:\/\/classicnorway.no\/en\/?s={search_term_string}"},"query-input":{"@type":"PropertyValueSpecification","valueRequired":true,"valueName":"search_term_string"}}],"inLanguage":"en-US"}]}},"publishpress_future_action":{"enabled":false,"date":"2026-04-12 14:50:04","action":"change-status","newStatus":"draft","terms":[],"taxonomy":"translation_priority","extraData":[]},"publishpress_future_workflow_manual_trigger":{"enabledWorkflows":[]},"_links":{"self":[{"href":"https:\/\/classicnorway.no\/en\/wp-json\/wp\/v2\/pages\/18500","targetHints":{"allow":["GET"]}}],"collection":[{"href":"https:\/\/classicnorway.no\/en\/wp-json\/wp\/v2\/pages"}],"about":[{"href":"https:\/\/classicnorway.no\/en\/wp-json\/wp\/v2\/types\/page"}],"author":[{"embeddable":true,"href":"https:\/\/classicnorway.no\/en\/wp-json\/wp\/v2\/users\/8"}],"replies":[{"embeddable":true,"href":"https:\/\/classicnorway.no\/en\/wp-json\/wp\/v2\/comments?post=18500"}],"version-history":[{"count":5,"href":"https:\/\/classicnorway.no\/en\/wp-json\/wp\/v2\/pages\/18500\/revisions"}],"predecessor-version":[{"id":18530,"href":"https:\/\/classicnorway.no\/en\/wp-json\/wp\/v2\/pages\/18500\/revisions\/18530"}],"wp:featuredmedia":[{"embeddable":true,"href":"https:\/\/classicnorway.no\/en\/wp-json\/"}],"wp:attachment":[{"href":"https:\/\/classicnorway.no\/en\/wp-json\/wp\/v2\/media?parent=18500"}],"curies":[{"name":"wp","href":"https:\/\/api.w.org\/{rel}","templated":true}]}}